{"id":6435,"date":"2025-09-24T12:15:01","date_gmt":"2025-09-24T12:15:01","guid":{"rendered":"https:\/\/arverne.earth\/?page_id=6435"},"modified":"2025-09-24T12:19:11","modified_gmt":"2025-09-24T12:19:11","slug":"archives-assemblee-generale","status":"publish","type":"page","link":"https:\/\/arverne.earth\/en\/archives-assemblee-generale\/","title":{"rendered":"Archives Assembl\u00e9e G\u00e9n\u00e9rale"},"content":{"rendered":"<div data-elementor-type=\"wp-page\" data-elementor-id=\"6435\" class=\"elementor elementor-6435\" data-elementor-post-type=\"page\">\n\t\t\t\t<div class=\"elementor-element elementor-element-5c50a2d3 e-flex e-con-boxed e-con e-parent\" data-id=\"5c50a2d3\" data-element_type=\"container\" data-settings=\"{&quot;background_background&quot;:&quot;classic&quot;}\">\n\t\t\t\t\t<div class=\"e-con-inner\">\n\t\t<div class=\"elementor-element elementor-element-68b7031b e-con-full e-flex e-con e-child\" data-id=\"68b7031b\" data-element_type=\"container\">\n\t\t\t\t<div class=\"elementor-element elementor-element-4679ecd4 elementor-widget elementor-widget-spacer\" data-id=\"4679ecd4\" data-element_type=\"widget\" data-widget_type=\"spacer.default\">\n\t\t\t\t\t\t\t<div class=\"elementor-spacer\">\n\t\t\t<div class=\"elementor-spacer-inner\"><\/div>\n\t\t<\/div>\n\t\t\t\t\t\t<\/div>\n\t\t\t\t<div class=\"elementor-element elementor-element-7e6602c7 elementor-widget elementor-widget-heading\" data-id=\"7e6602c7\" data-element_type=\"widget\" data-widget_type=\"heading.default\">\n\t\t\t\t\t<h2 class=\"elementor-heading-title elementor-size-default\">General Assembly Archive<\/h2>\t\t\t\t<\/div>\n\t\t\t\t<div class=\"elementor-element elementor-element-67cd4ebd elementor-icon-list--layout-inline elementor-list-item-link-full_width elementor-widget elementor-widget-icon-list\" data-id=\"67cd4ebd\" data-element_type=\"widget\" data-widget_type=\"icon-list.default\">\n\t\t\t\t\t\t\t<ul class=\"elementor-icon-list-items elementor-inline-items\">\n\t\t\t\t\t\t\t<li class=\"elementor-icon-list-item elementor-inline-item\">\n\t\t\t\t\t\t\t\t\t\t\t<a href=\"#\">\n\n\t\t\t\t\t\t\t\t\t\t\t<span class=\"elementor-icon-list-text\">Home<\/span>\n\t\t\t\t\t\t\t\t\t\t\t<\/a>\n\t\t\t\t\t\t\t\t\t<\/li>\n\t\t\t\t\t\t\t\t<li class=\"elementor-icon-list-item elementor-inline-item\">\n\t\t\t\t\t\t\t\t\t\t\t<a href=\"https:\/\/arverne.earth\/en\/assemblee-generale\/\">\n\n\t\t\t\t\t\t\t\t\t\t\t\t<span class=\"elementor-icon-list-icon\">\n\t\t\t\t\t\t\t<svg aria-hidden=\"true\" class=\"e-font-icon-svg e-fas-chevron-right\" viewbox=\"0 0 320 512\" xmlns=\"http:\/\/www.w3.org\/2000\/svg\"><path d=\"M285.476 272.971L91.132 467.314c-9.373 9.373-24.569 9.373-33.941 0l-22.667-22.667c-9.357-9.357-9.375-24.522-.04-33.901L188.505 256 34.484 101.255c-9.335-9.379-9.317-24.544.04-33.901l22.667-22.667c9.373-9.373 24.569-9.373 33.941 0L285.475 239.03c9.373 9.372 9.373 24.568.001 33.941z\"><\/path><\/svg>\t\t\t\t\t\t<\/span>\n\t\t\t\t\t\t\t\t\t\t<span class=\"elementor-icon-list-text\">General Assembly<\/span>\n\t\t\t\t\t\t\t\t\t\t\t<\/a>\n\t\t\t\t\t\t\t\t\t<\/li>\n\t\t\t\t\t\t<\/ul>\n\t\t\t\t\t\t<\/div>\n\t\t\t\t<\/div>\n\t\t\t\t\t<\/div>\n\t\t\t\t<\/div>\n\t\t<div class=\"elementor-element elementor-element-13b4ee7e e-flex e-con-boxed e-con e-parent\" data-id=\"13b4ee7e\" data-element_type=\"container\">\n\t\t\t\t\t<div class=\"e-con-inner\">\n\t\t\t\t<div class=\"elementor-element elementor-element-62e2c833 elementor-icon-list--layout-inline elementor-align-center elementor-list-item-link-full_width elementor-widget elementor-widget-icon-list\" data-id=\"62e2c833\" data-element_type=\"widget\" data-widget_type=\"icon-list.default\">\n\t\t\t\t\t\t\t<ul class=\"elementor-icon-list-items elementor-inline-items\">\n\t\t\t\t\t\t\t<li class=\"elementor-icon-list-item elementor-inline-item\">\n\t\t\t\t\t\t\t\t\t\t\t<span class=\"elementor-icon-list-icon\">\n\t\t\t\t\t\t\t<svg xmlns=\"http:\/\/www.w3.org\/2000\/svg\" viewbox=\"0 0 1017.9 1017.9\"><path d=\"M1017.9 529.4v488.5H0V0h488.5c292.4 0 529.4 237 529.4 529.4Z\"><\/path><\/svg>\t\t\t\t\t\t<\/span>\n\t\t\t\t\t\t\t\t\t\t<span class=\"elementor-icon-list-text\">General Assembly June 7, 2024<\/span>\n\t\t\t\t\t\t\t\t\t<\/li>\n\t\t\t\t\t\t<\/ul>\n\t\t\t\t\t\t<\/div>\n\t\t\t\t\t<\/div>\n\t\t\t\t<\/div>\n\t\t<div class=\"elementor-element elementor-element-6f3ee7b9 e-flex e-con-boxed e-con e-parent\" data-id=\"6f3ee7b9\" data-element_type=\"container\">\n\t\t\t\t\t<div class=\"e-con-inner\">\n\t\t<div class=\"elementor-element elementor-element-36f0e086 e-con-full e-flex e-con e-child\" data-id=\"36f0e086\" data-element_type=\"container\">\n\t\t\t\t<\/div>\n\t\t<div class=\"elementor-element elementor-element-1390eee5 e-con-full e-flex e-con e-child\" data-id=\"1390eee5\" data-element_type=\"container\">\n\t\t\t\t<div class=\"elementor-element elementor-element-75568719 elementor-widget elementor-widget-tablepress-table\" data-id=\"75568719\" data-element_type=\"widget\" data-widget_type=\"tablepress-table.default\">\n\t\t\t\t\t\n<table id=\"tablepress-13\" class=\"tablepress tablepress-id-13\">\n<thead>\n<tr class=\"row-1\">\n\t<th class=\"column-1\">General Meeting<\/th><th class=\"column-2\">link<\/th>\n<\/tr>\n<\/thead>\n<tbody class=\"row-striping row-hover\">\n<tr class=\"row-2\">\n\t<td class=\"column-1\">Proc\u00e8s verbal de l'Assembl\u00e9e g\u00e9n\u00e9rale mixte du 7 juin 2024<\/td><td class=\"column-2\"><a href=\"https:\/\/arverne.earth\/wp-content\/uploads\/2025\/09\/Arverne-Group-AGM-18.06.25.pdf\" target=\"_blank\">link<\/a><\/td>\n<\/tr>\n<tr class=\"row-3\">\n\t<td class=\"column-1\">R\u00e9sultats des votes de l'Assembl\u00e9e g\u00e9n\u00e9rale mixte du 7 juin 2024<\/td><td class=\"column-2\"><a href=\"https:\/\/arverne.earth\/wp-content\/uploads\/2025\/09\/Resultat-des-votes-des-resolutions.pdf\" target=\"_blank\">link<\/a><\/td>\n<\/tr>\n<tr class=\"row-4\">\n\t<td class=\"column-1\">Pr\u00e9sentation pour l'Assembl\u00e9e g\u00e9n\u00e9rale mixte du 7 juin 2024<\/td><td class=\"column-2\"><a href=\"https:\/\/arvernegroup.engagestream.companywebcast.com\/2025-06-18-ag2025\/register\" target=\"_blank\">link<\/a><\/td>\n<\/tr>\n<tr class=\"row-5\">\n\t<td class=\"column-1\">Brochure de convocation \u00e0 l'Assembl\u00e9e g\u00e9n\u00e9rale mixte du 7 juin 2024<\/td><td class=\"column-2\"><a href=\"https:\/\/arverne.earth\/wp-content\/uploads\/2026\/02\/20-05-2024-brochure-convocationAGM.pdf\" target=\"_blank\">link<\/a><\/td>\n<\/tr>\n<tr class=\"row-6\">\n\t<td class=\"column-1\">Avis de convocation paru au BALO le 30 mai 2025<\/td><td class=\"column-2\"><a href=\"https:\/\/arverne.earth\/wp-content\/uploads\/2026\/02\/17.05.2024-Avis-de-convocation-paru-au-BALO.pdf\" target=\"_blank\">link<\/a><\/td>\n<\/tr>\n<tr class=\"row-7\">\n\t<td class=\"column-1\">Avis de convocation paru dans le Figaro du 17 mai 2024<\/td><td class=\"column-2\"><a href=\"https:\/\/arverne.earth\/wp-content\/uploads\/2026\/02\/2024-05-17-Avis-de-convocation-paru-dans-Le-Figaro.pdf\" target=\"_blank\">link<\/a><\/td>\n<\/tr>\n<tr class=\"row-8\">\n\t<td class=\"column-1\">Mise \u00e0 disposition des documents pour l'Assembl\u00e9e g\u00e9n\u00e9rale mixte 7 juin<\/td><td class=\"column-2\"><a href=\"https:\/\/arverne.earth\/wp-content\/uploads\/2026\/02\/20240517-CP-Mise-a-disposition-documents-preparatoires-AGM-07-06-2024.pdf\" target=\"_blank\">link<\/a><\/td>\n<\/tr>\n<tr class=\"row-9\">\n\t<td class=\"column-1\">Texte des r\u00e9solutions soumises \u00e0 l'Assembl\u00e9e g\u00e9n\u00e9rale mixte du 7 juin 2024<\/td><td class=\"column-2\"><a href=\"https:\/\/arverne.earth\/wp-content\/uploads\/2026\/02\/17.05.2024-Texte-des-resolutions-soumises-a-lassemblee-generale-mixte-du-7-juin-2024.pdf\" target=\"_blank\">link<\/a><\/td>\n<\/tr>\n<tr class=\"row-10\">\n\t<td class=\"column-1\">Formulaire de vote <\/td><td class=\"column-2\"><a href=\"https:\/\/arverne.earth\/wp-content\/uploads\/2026\/02\/17.05.2024-Formulaire-de-vote.pdf\" target=\"_blank\">link<\/a><\/td>\n<\/tr>\n<tr class=\"row-11\">\n\t<td class=\"column-1\">Formulaire de demande d'envoi de documents et renseignements<\/td><td class=\"column-2\"><a href=\"https:\/\/arverne.earth\/wp-content\/uploads\/2026\/02\/17.05.2024-Formulaire-de-demande-denvoi-de-documents-et-renseignements.pdf\" target=\"_blank\">link<\/a><\/td>\n<\/tr>\n<tr class=\"row-12\">\n\t<td class=\"column-1\">Rapport des Commissaires aux comptes sur les comptes annuels 2023<\/td><td class=\"column-2\"><a href=\"https:\/\/arverne.earth\/wp-content\/uploads\/2026\/02\/17.05.2024-Rapport-des-commissaires-aux-comptes-Rapport-sur-les-comptes-annuels-2023.pdf\" target=\"_blank\">link<\/a><\/td>\n<\/tr>\n<tr class=\"row-13\">\n\t<td class=\"column-1\">Rapport des Commissaires aux comptes sur les comptes consolid\u00e9s 2023<\/td><td class=\"column-2\"><a href=\"https:\/\/arverne.earth\/wp-content\/uploads\/2026\/02\/17.05.2024-Rapport-des-commissaires-aux-comptes-Rapport-sur-les-comptes-consolides-2023.pdf\" target=\"_blank\">link<\/a><\/td>\n<\/tr>\n<tr class=\"row-14\">\n\t<td class=\"column-1\">Rapport sp\u00e9cial des Commissaires aux comptes sur les conventions r\u00e9glement\u00e9es 2023<\/td><td class=\"column-2\"><a href=\"https:\/\/arverne.earth\/wp-content\/uploads\/2026\/02\/17.05.2024-Rapport-des-commissaires-aux-comptes-Rapport-special-sur-les-conventions-reglementees-2023.pdf\" target=\"_blank\">link<\/a><\/td>\n<\/tr>\n<tr class=\"row-15\">\n\t<td class=\"column-1\">Attestation des Commissaires aux comptes sur les r\u00e9mun\u00e9rations<\/td><td class=\"column-2\"><a href=\"https:\/\/arverne.earth\/wp-content\/uploads\/2026\/02\/17.05.2024-Attestation-des-commissaires-aux-comptes-sur-les-remunerations.pdf\" target=\"_blank\">link<\/a><\/td>\n<\/tr>\n<tr class=\"row-16\">\n\t<td class=\"column-1\">Attestation des Commissaires aux comptes sur le parrainage et m\u00e9c\u00e9nat<\/td><td class=\"column-2\"><a href=\"https:\/\/arverne.earth\/wp-content\/uploads\/2026\/02\/17.05.2024-Attestation-des-commissaires-aux-comptes-sur-le-parrainage-et-mecenat.pdf\" target=\"_blank\">link<\/a><\/td>\n<\/tr>\n<tr class=\"row-17\">\n\t<td class=\"column-1\">Fiche candidat - Bruno G\u00e9rard<\/td><td class=\"column-2\"><a href=\"https:\/\/arverne.earth\/wp-content\/uploads\/2026\/02\/17.05.2024-Fiche-candidat-Conseil-dadministration-Bruno-Gerard.pdf\" target=\"_blank\">link<\/a><\/td>\n<\/tr>\n<tr class=\"row-18\">\n\t<td class=\"column-1\">Rapport compl\u00e9mentaire du Conseil d'administration sur les augmentations de capital - fusion entre Transition SA et Arverne Group - septembre 2023<\/td><td class=\"column-2\"><a href=\"https:\/\/arverne.earth\/wp-content\/uploads\/2026\/02\/17CDAB1.pdf\" target=\"_blank\">link<\/a><\/td>\n<\/tr>\n<tr class=\"row-19\">\n\t<td class=\"column-1\">Rapport compl\u00e9mentaire des Commissaires aux comptes sur l'augmentation de capital n\u00b01 additionnelle - sept 2023<\/td><td class=\"column-2\"><a href=\"https:\/\/arverne.earth\/wp-content\/uploads\/2026\/02\/17.05.2024-Rapport-des-commissaires-aux-comptes-Rapport-complementaire-augmentation-de-capital-n1-Initiale-sept-2023.pdf\" target=\"_blank\">link<\/a><\/td>\n<\/tr>\n<tr class=\"row-20\">\n\t<td class=\"column-1\">Rapport compl\u00e9mentaire des Commissaires aux comptes sur l'augmentation de capital n\u00b02 additionnelle - sept 2023<\/td><td class=\"column-2\"><a href=\"https:\/\/arverne.earth\/wp-content\/uploads\/2026\/02\/17.05.2024-Rapport-des-commissaires-aux-comptes-rapport-complementaire-augmentation-de-capital-n2-Initiale-sept-2023.pdf\" target=\"_blank\">link<\/a><\/td>\n<\/tr>\n<tr class=\"row-21\">\n\t<td class=\"column-1\">Rapport compl\u00e9mentaire des Commissaires aux comptes sur l'augmentation de capital n\u00b03 additionnelle - sept 2023<\/td><td class=\"column-2\"><a href=\"https:\/\/arverne.earth\/wp-content\/uploads\/2026\/02\/1738231.pdf\" target=\"_blank\">link<\/a><\/td>\n<\/tr>\n<tr class=\"row-22\">\n\t<td class=\"column-1\">Document d'Enregistrement Universel 2023 publi\u00e9 le 30 avril 2024<\/td><td class=\"column-2\"><a href=\"https:\/\/arverne.earth\/wp-content\/uploads\/2026\/02\/Document-enregistrement-universel-2023.pdf\" target=\"_blank\">link<\/a><\/td>\n<\/tr>\n<tr class=\"row-23\">\n\t<td class=\"column-1\">Nombre d'actions et de droits de vote au 29\/04\/2024<\/td><td class=\"column-2\"><a href=\"https:\/\/arverne.earth\/wp-content\/uploads\/2026\/02\/29.04.2024-Nombre-dactions-et-de-droits-de-vote.pdf\" target=\"_blank\">link<\/a><\/td>\n<\/tr>\n<tr class=\"row-24\">\n\t<td class=\"column-1\">Avis de r\u00e9union paru au BALO le 29\/04\/2024<\/td><td class=\"column-2\"><a href=\"https:\/\/arverne.earth\/wp-content\/uploads\/2026\/02\/Avis-de-reunion-paru-au-BALO-du-29-avril-2024.pdf\" target=\"_blank\">link<\/a><\/td>\n<\/tr>\n<tr class=\"row-25\">\n\t<td class=\"column-1\">Rapport du Conseil d'administration sur les r\u00e9solutions pr\u00e9sent\u00e9es \u00e0 l'Assembl\u00e9e g\u00e9n\u00e9rale mixte du 7 juin 2024<\/td><td class=\"column-2\"><a href=\"https:\/\/arverne.earth\/wp-content\/uploads\/2026\/02\/Rapport-du-conseil-dadministration-sur-les-resolutions-soumises-a-lassemblee-generale-mixte-du-7-juin-2024.pdf\" target=\"_blank\">link<\/a><\/td>\n<\/tr>\n<tr class=\"row-26\">\n\t<td class=\"column-1\">Annexe - projet de statuts modifi\u00e9s<\/td><td class=\"column-2\"><a href=\"https:\/\/arverne.earth\/wp-content\/uploads\/2026\/02\/Projet-Statuts-mis-a-jour-7-juin-2024.pdf\" target=\"_blank\">link<\/a><\/td>\n<\/tr>\n<tr class=\"row-27\">\n\t<td class=\"column-1\">Tableau des d\u00e9l\u00e9gations consenties au Conseil d'administration - exercice 2023<\/td><td class=\"column-2\"><a href=\"https:\/\/arverne.earth\/wp-content\/uploads\/2026\/02\/Tableau-des-delegations-consenties-au-conseil-dadministration-exercice-2023.pdf\" target=\"_blank\">link<\/a><\/td>\n<\/tr>\n<tr class=\"row-28\">\n\t<td class=\"column-1\"><\/td><td class=\"column-2\"><\/td>\n<\/tr>\n<\/tbody>\n<\/table>\n<!-- #tablepress-13 from cache -->\t\t\t\t<\/div>\n\t\t\t\t<\/div>\n\t\t<div class=\"elementor-element elementor-element-519db725 e-con-full e-flex e-con e-child\" data-id=\"519db725\" data-element_type=\"container\">\n\t\t\t\t<\/div>\n\t\t\t\t\t<\/div>\n\t\t\t\t<\/div>\n\t\t<div class=\"elementor-element elementor-element-560894a e-flex e-con-boxed e-con e-parent\" data-id=\"560894a\" data-element_type=\"container\" data-settings=\"{&quot;background_background&quot;:&quot;classic&quot;}\">\n\t\t\t\t\t<div class=\"e-con-inner\">\n\t\t<div class=\"elementor-element elementor-element-1f4e9da e-con-full e-flex e-con e-child\" data-id=\"1f4e9da\" data-element_type=\"container\">\n\t\t\t\t<div class=\"elementor-element elementor-element-2b7b1c9 elementor-icon-list--layout-inline elementor-list-item-link-full_width elementor-widget elementor-widget-icon-list\" data-id=\"2b7b1c9\" data-element_type=\"widget\" data-widget_type=\"icon-list.default\">\n\t\t\t\t\t\t\t<ul class=\"elementor-icon-list-items elementor-inline-items\">\n\t\t\t\t\t\t\t<li class=\"elementor-icon-list-item elementor-inline-item\">\n\t\t\t\t\t\t\t\t\t\t<span class=\"elementor-icon-list-text\">Sign up for our newsletter<\/span>\n\t\t\t\t\t\t\t\t\t<\/li>\n\t\t\t\t\t\t<\/ul>\n\t\t\t\t\t\t<\/div>\n\t\t\t\t<div class=\"elementor-element elementor-element-65c3e27 elementor-absolute elementor-widget elementor-widget-image\" data-id=\"65c3e27\" data-element_type=\"widget\" data-settings=\"{&quot;_position&quot;:&quot;absolute&quot;}\" data-widget_type=\"image.default\">\n\t\t\t\t\t\t\t\t\t\t\t\t\t\t\t<img fetchpriority=\"high\" decoding=\"async\" width=\"6982\" height=\"2375\" src=\"https:\/\/arverne.earth\/wp-content\/uploads\/2025\/08\/arverne_fluides.svg\" class=\"attachment-large size-large wp-image-333\" alt=\"\" \/>\t\t\t\t\t\t\t\t\t\t\t\t\t\t\t<\/div>\n\t\t\t\t<div class=\"elementor-element elementor-element-71e7e56 elementor-widget elementor-widget-text-editor\" data-id=\"71e7e56\" data-element_type=\"widget\" data-widget_type=\"text-editor.default\">\n\t\t\t\t\t\t\t\t\t<p>Receive our press releases<\/p>\t\t\t\t\t\t\t\t<\/div>\n\t\t\t\t<\/div>\n\t\t<div class=\"elementor-element elementor-element-610f7c4 e-con-full e-flex e-con e-child\" data-id=\"610f7c4\" data-element_type=\"container\">\n\t\t\t\t<\/div>\n\t\t<div class=\"elementor-element elementor-element-ae819b3 e-con-full e-flex e-con e-child\" data-id=\"ae819b3\" data-element_type=\"container\" data-settings=\"{&quot;background_background&quot;:&quot;classic&quot;}\">\n\t\t\t\t<div class=\"elementor-element elementor-element-b3ba39f elementor-button-align-stretch elementor-widget elementor-widget-form\" data-id=\"b3ba39f\" data-element_type=\"widget\" data-settings=\"{&quot;button_width&quot;:&quot;25&quot;,&quot;step_next_label&quot;:&quot;Suivant&quot;,&quot;step_previous_label&quot;:&quot;Pr\\u00e9c\\u00e9dent&quot;,&quot;step_type&quot;:&quot;number_text&quot;,&quot;step_icon_shape&quot;:&quot;circle&quot;}\" data-widget_type=\"form.default\">\n\t\t\t\t\t\t\t<form class=\"elementor-form\" method=\"post\" name=\"Nouveau formulaire\" aria-label=\"Nouveau formulaire\" action=\"\">\n\t\t\t<input type=\"hidden\" name=\"post_id\" value=\"6435\"\/>\n\t\t\t<input type=\"hidden\" name=\"form_id\" value=\"b3ba39f\"\/>\n\t\t\t<input type=\"hidden\" name=\"referer_title\" value=\"\" \/>\n\n\t\t\t\n\t\t\t<div class=\"elementor-form-fields-wrapper elementor-labels-\">\n\t\t\t\t\t\t\t\t<div class=\"elementor-field-type-email elementor-field-group elementor-column elementor-field-group-email elementor-col-75 elementor-field-required\">\n\t\t\t\t\t\t\t\t\t\t\t\t<label for=\"form-field-email\" class=\"elementor-field-label elementor-screen-only\">\n\t\t\t\t\t\t\t\tE-mail\t\t\t\t\t\t\t<\/label>\n\t\t\t\t\t\t\t\t\t\t\t\t\t\t<input size=\"1\" type=\"email\" name=\"form_fields[email]\" id=\"form-field-email\" class=\"elementor-field elementor-size-sm  elementor-field-textual\" placeholder=\"Enter your email address\" required=\"required\">\n\t\t\t\t\t\t\t\t\t\t\t<\/div>\n\t\t\t\t\t\t\t\t<div class=\"elementor-field-group elementor-column elementor-field-type-submit elementor-col-25 e-form__buttons\">\n\t\t\t\t\t<button class=\"elementor-button elementor-size-sm\" type=\"submit\">\n\t\t\t\t\t\t<span class=\"elementor-button-content-wrapper\">\n\t\t\t\t\t\t\t\t\t\t\t\t\t\t\t\t\t\t\t\t\t\t<span class=\"elementor-button-text\">Register<\/span>\n\t\t\t\t\t\t\t\t\t\t\t\t\t<\/span>\n\t\t\t\t\t<\/button>\n\t\t\t\t<\/div>\n\t\t\t<\/div>\n\t\t<input type=\"hidden\" name=\"trp-form-language\" value=\"en\"\/><\/form>\n\t\t\t\t\t\t<\/div>\n\t\t\t\t<\/div>\n\t\t<div class=\"elementor-element elementor-element-cf27baf e-con-full e-flex e-con e-child\" data-id=\"cf27baf\" data-element_type=\"container\">\n\t\t\t\t<\/div>\n\t\t\t\t\t<\/div>\n\t\t\t\t<\/div>\n\t\t\t\t<\/div>","protected":false},"excerpt":{"rendered":"<p>Archives Assembl\u00e9e g\u00e9n\u00e9rale Accueil Assembl\u00e9e g\u00e9n\u00e9rale Assembl\u00e9e g\u00e9n\u00e9rale 7 juin 2024 Modifier Assembl\u00e9e G\u00e9n\u00e9rale Lien Proc\u00e8s verbal de l&rsquo;Assembl\u00e9e g\u00e9n\u00e9rale mixte du 7 juin 2024 Lien R\u00e9sultats des votes de l&rsquo;Assembl\u00e9e g\u00e9n\u00e9rale mixte du 7 juin 2024 Lien Pr\u00e9sentation pour l&rsquo;Assembl\u00e9e g\u00e9n\u00e9rale mixte du 7 juin 2024 Lien Brochure de convocation \u00e0 l&rsquo;Assembl\u00e9e g\u00e9n\u00e9rale mixte [&hellip;]<\/p>","protected":false},"author":3,"featured_media":0,"parent":0,"menu_order":0,"comment_status":"closed","ping_status":"closed","template":"","meta":{"footnotes":""},"class_list":["post-6435","page","type-page","status-publish","hentry"],"_links":{"self":[{"href":"https:\/\/arverne.earth\/en\/wp-json\/wp\/v2\/pages\/6435","targetHints":{"allow":["GET"]}}],"collection":[{"href":"https:\/\/arverne.earth\/en\/wp-json\/wp\/v2\/pages"}],"about":[{"href":"https:\/\/arverne.earth\/en\/wp-json\/wp\/v2\/types\/page"}],"author":[{"embeddable":true,"href":"https:\/\/arverne.earth\/en\/wp-json\/wp\/v2\/users\/3"}],"replies":[{"embeddable":true,"href":"https:\/\/arverne.earth\/en\/wp-json\/wp\/v2\/comments?post=6435"}],"version-history":[{"count":7,"href":"https:\/\/arverne.earth\/en\/wp-json\/wp\/v2\/pages\/6435\/revisions"}],"predecessor-version":[{"id":6443,"href":"https:\/\/arverne.earth\/en\/wp-json\/wp\/v2\/pages\/6435\/revisions\/6443"}],"wp:attachment":[{"href":"https:\/\/arverne.earth\/en\/wp-json\/wp\/v2\/media?parent=6435"}],"curies":[{"name":"wp","href":"https:\/\/api.w.org\/{rel}","templated":true}]}}