{"id":4049,"date":"2025-09-16T13:03:43","date_gmt":"2025-09-16T13:03:43","guid":{"rendered":"https:\/\/arverne.earth\/?page_id=4049"},"modified":"2025-09-17T13:42:10","modified_gmt":"2025-09-17T13:42:10","slug":"mentions-legales","status":"publish","type":"page","link":"https:\/\/arverne.earth\/en\/mentions-legales\/","title":{"rendered":"Legal notices"},"content":{"rendered":"<div data-elementor-type=\"wp-page\" data-elementor-id=\"4049\" class=\"elementor elementor-4049\" data-elementor-post-type=\"page\">\n\t\t\t\t<div class=\"elementor-element elementor-element-3e3d395 e-flex e-con-boxed e-con e-parent\" data-id=\"3e3d395\" data-element_type=\"container\" data-settings=\"{&quot;background_background&quot;:&quot;classic&quot;}\">\n\t\t\t\t\t<div class=\"e-con-inner\">\n\t\t<div class=\"elementor-element elementor-element-3f1d7c9 e-con-full e-flex e-con e-child\" data-id=\"3f1d7c9\" data-element_type=\"container\">\n\t\t\t\t<div class=\"elementor-element elementor-element-58cb1eb elementor-widget elementor-widget-spacer\" data-id=\"58cb1eb\" data-element_type=\"widget\" data-widget_type=\"spacer.default\">\n\t\t\t\t\t\t\t<div class=\"elementor-spacer\">\n\t\t\t<div class=\"elementor-spacer-inner\"><\/div>\n\t\t<\/div>\n\t\t\t\t\t\t<\/div>\n\t\t\t\t<div class=\"elementor-element elementor-element-82907fc elementor-widget elementor-widget-heading\" data-id=\"82907fc\" data-element_type=\"widget\" data-widget_type=\"heading.default\">\n\t\t\t\t\t<h2 class=\"elementor-heading-title elementor-size-default\">Legal notices and Terms of Use<\/h2>\t\t\t\t<\/div>\n\t\t\t\t<div class=\"elementor-element elementor-element-69a72b6 elementor-icon-list--layout-inline elementor-list-item-link-full_width elementor-widget elementor-widget-icon-list\" data-id=\"69a72b6\" data-element_type=\"widget\" data-widget_type=\"icon-list.default\">\n\t\t\t\t\t\t\t<ul class=\"elementor-icon-list-items elementor-inline-items\">\n\t\t\t\t\t\t\t<li class=\"elementor-icon-list-item elementor-inline-item\">\n\t\t\t\t\t\t\t\t\t\t\t<a href=\"#\">\n\n\t\t\t\t\t\t\t\t\t\t\t<span class=\"elementor-icon-list-text\">Home<\/span>\n\t\t\t\t\t\t\t\t\t\t\t<\/a>\n\t\t\t\t\t\t\t\t\t<\/li>\n\t\t\t\t\t\t\t\t<li class=\"elementor-icon-list-item elementor-inline-item\">\n\t\t\t\t\t\t\t\t\t\t\t<a href=\"https:\/\/arverne.earth\/en\/mentions-l\u00e9gales\/\">\n\n\t\t\t\t\t\t\t\t\t\t\t\t<span class=\"elementor-icon-list-icon\">\n\t\t\t\t\t\t\t<svg aria-hidden=\"true\" class=\"e-font-icon-svg e-fas-chevron-right\" viewbox=\"0 0 320 512\" xmlns=\"http:\/\/www.w3.org\/2000\/svg\"><path d=\"M285.476 272.971L91.132 467.314c-9.373 9.373-24.569 9.373-33.941 0l-22.667-22.667c-9.357-9.357-9.375-24.522-.04-33.901L188.505 256 34.484 101.255c-9.335-9.379-9.317-24.544.04-33.901l22.667-22.667c9.373-9.373 24.569-9.373 33.941 0L285.475 239.03c9.373 9.372 9.373 24.568.001 33.941z\"><\/path><\/svg>\t\t\t\t\t\t<\/span>\n\t\t\t\t\t\t\t\t\t\t<span class=\"elementor-icon-list-text\">Legal notices<\/span>\n\t\t\t\t\t\t\t\t\t\t\t<\/a>\n\t\t\t\t\t\t\t\t\t<\/li>\n\t\t\t\t\t\t<\/ul>\n\t\t\t\t\t\t<\/div>\n\t\t\t\t<\/div>\n\t\t\t\t\t<\/div>\n\t\t\t\t<\/div>\n\t\t<div class=\"elementor-element elementor-element-61f0e14 e-flex e-con-boxed e-con e-parent\" data-id=\"61f0e14\" data-element_type=\"container\">\n\t\t\t\t\t<div class=\"e-con-inner\">\n\t\t\t\t<div class=\"elementor-element elementor-element-76d9a1c elementor-widget elementor-widget-text-editor\" data-id=\"76d9a1c\" data-element_type=\"widget\" data-widget_type=\"text-editor.default\">\n\t\t\t\t\t\t\t\t\t<p><span style=\"font-weight: 400;\">Welcome to the website\u00a0<\/span><span style=\"font-weight: 400;\">https:\/\/<\/span><a href=\"https:\/\/arverne.earth\/en\/\"><span style=\"font-weight: 400;\">www.arverne.earth<\/span><\/a><span style=\"font-weight: 400;\"> \" (referred to as the \u201cSite\u201d)\u00a0<\/span><\/p><p><span style=\"font-weight: 400;\">By consulting and using the Site, you acknowledge that you have read and accepted, without limitation or reservation, these general terms and conditions of use (hereinafter \u201cT&amp;Cs\u201d).\u00a0<\/span><\/p><p><span style=\"font-weight: 400;\">The purpose of the Terms of Use is to define the conditions of access and use of the Site applicable to any person visiting this Site (hereinafter the \u201cUser\u201d). As these Terms of Use may be modified at any time without notice, we invite you to consult them regularly.<\/span><\/p><p><span style=\"font-weight: 400;\">You also agree to read <\/span><span style=\"font-weight: 400;\"><a href=\"https:\/\/arverne.earth\/en\/politique-confidentialite\/\" target=\"_blank\" rel=\"noopener\">our privacy policy<\/a> and our <a href=\"https:\/\/arverne.earth\/en\/politique-gestion-cookies\/\" target=\"_blank\" rel=\"noopener\">cookie management policy<\/a><\/span><span style=\"font-weight: 400;\">\u00a0available on the Site.<\/span><b><\/b><\/p><h2><span style=\"color: #11477c;\"><b>1. Legal notices<\/b><\/span><\/h2><p><strong>1. Website Publisher\u00a0<\/strong><\/p><p><span style=\"font-weight: 400;\">Arverne Group, a public limited company with a board of directors, with capital of \u20ac398,342.93, registered in the Pau Trade and Companies Register under number 895 395 622, whose registered office is located at 4 chemin de Barincou, 64000 Pau, France (telephone: +33 (0)5 59 71 07 68).<\/span><\/p><p><span style=\"font-weight: 400;\">Intra-community VAT number: FR22895395622<\/span><\/p><p><span style=\"font-weight: 400;\">Director of Publication: Thierry Trouyet, Deputy Chief Executive Officer<\/span><\/p><p><strong>2. Website Host\u00a0<\/strong><\/p><ul class=\"wp-block-list\"><li><strong>Nom de l\u2019h\u00e9bergeur<\/strong>\u00a0: o2switch<\/li><li><strong>Address<\/strong>\u00a0: Chem. des Pardiaux, 63000 Clermont-Ferrand, France<\/li><li><strong>Phone number<\/strong>\u00a0: 04 44 44 60 40<\/li><li><strong>Website<\/strong>\u00a0:\u00a0<a href=\"https:\/\/www.o2switch.fr\/\" target=\"_blank\" rel=\"noreferrer noopener\">https:\/\/www.o2switch.fr<\/a><\/li><\/ul><p>\u00a0<\/p><p><span style=\"color: #000000;\"><b>3. Conditions of access and use<\/b><\/span><\/p><p><span style=\"font-weight: 400;\">The purpose of the Website is to provide information about Arverne Group and its subsidiaries (hereinafter referred to as the \u201cArverne Group\u201d or \u201cArverne\u201d). It has been created for the personal information of Users.<\/span><\/p><p><span style=\"font-weight: 400;\">By accessing, visiting, and\/or using this Site, you acknowledge that you agree to be bound by the Terms of Use and that you agree to comply with all applicable laws and regulations.<\/span><\/p><p><span style=\"font-weight: 400;\">The Site is made available to you free of charge for your personal use, subject to compliance with the terms and conditions set out below, which relate to your legal rights and responsibilities when using this Site. The cost of accessing and browsing the Site is borne by the User.<\/span><\/p><p><span style=\"font-weight: 400;\">Le Site est fourni en l\u2019\u00e9tat sans aucune garantie d\u2019aucune sorte. Arverne s\u2019engage \u00e0 faire ses meilleurs efforts afin que le Site soit accessible 24h\/24h et 7 jours\/7 \u00e0 l\u2019exception de cas de force majeure, difficult\u00e9s li\u00e9s aux r\u00e9seaux de t\u00e9l\u00e9communication ou autres difficult\u00e9s techniques. Pour des raisons de maintenance, de mise \u00e0 niveau de son Site ou toute autre raison, Arverne peut interrompre l\u2019acc\u00e8s \u00e0 son Site \u00e0 tout moment, sans pr\u00e9avis. Arverne ne saurait \u00eatre tenue responsable en cas d\u2019interruption, suspension ou modification du Site.<\/span><\/p><p><span style=\"font-weight: 400;\">The User uses the Site under his or her sole responsibility and at his or her own risk.\u00a0<\/span><\/p><p><span style=\"font-weight: 400;\">The User acknowledges that they have the necessary skills and means to access and use this Site. They acknowledge that they are aware of the characteristics, limitations, and dangers of the Internet and undertake to take all appropriate measures to protect their own data and\/or software from contamination by any viruses circulating on the Internet that could affect their computer equipment.<\/span><\/p><p><span style=\"font-weight: 400;\">The User therefore agrees to:\u00a0<\/span><\/p><ul><li style=\"font-weight: 400;\" aria-level=\"1\"><span style=\"font-weight: 400;\">comply with these Terms of Use,<\/span><\/li><li style=\"font-weight: 400;\" aria-level=\"1\"><span style=\"font-weight: 400;\">view and use the Site exclusively for personal purposes,<\/span><\/li><li style=\"font-weight: 400;\" aria-level=\"1\"><span style=\"font-weight: 400;\">comply with applicable laws and regulations, in particular those relating to intellectual property,<\/span><\/li><li style=\"font-weight: 400;\" aria-level=\"1\"><span style=\"font-weight: 400;\">not to interfere with or attempt to interfere with the operation of the Site,<\/span><\/li><li style=\"font-weight: 400;\" aria-level=\"1\"><span style=\"font-weight: 400;\">not infringe upon the privacy, honor, notoriety, reputation, or image of Arverne or any natural or legal person through the Website,<\/span><\/li><li style=\"font-weight: 400;\" aria-level=\"1\"><span style=\"font-weight: 400;\">not disclose confidential or personal information through the Site,<\/span><\/li><li style=\"font-weight: 400;\" aria-level=\"1\"><span style=\"font-weight: 400;\">Do not collect or misappropriate personal data.<\/span><\/li><\/ul><h2><span style=\"color: #11477c;\"><b>3. Respect for intellectual property rights<\/b><\/span><\/h2><p><span style=\"font-weight: 400;\">The Site and all content on this Site (text, images, sounds, videos, photos, graphics, illustrations, icons, databases, as well as elements created for the Site, its architecture, graphic charter, and more generally any other element comprising the Site) are either the property of Arverne or are subject to rights of use, reproduction, representation, and exploitation granted to Arverne. The Site and its content are governed by French legislation in force on copyright and, more generally, intellectual property.<\/span><\/p><p><span style=\"font-weight: 400;\">No license or any other right other than that of consulting the Site is granted to anyone with regard to intellectual property rights. The reproduction of documents on the Site is authorized exclusively for personal and private use. Any other reproduction, representation, modification, publication, or adaptation, in whole or in part, of the elements of this Site, regardless of the means or process used, without the prior written authorization of Arverne, is prohibited and constitutes an infringement punishable by legal action, including criminal prosecution, as provided for in Articles L. 335-2 et seq. of the Intellectual Property Code.<\/span><\/p><p><span style=\"font-weight: 400;\">The company names, trademarks, trade names, logos, and domain names appearing on the Website are the property of Arverne Group, its subsidiaries, or its partners and are also protected by copyright, trademark, and more generally intellectual property laws. Any reproduction or representation, in whole or in part, without the prior written permission of Arverne, is strictly prohibited and may be subject to penalties, including criminal penalties, as provided for in Articles L. 716-1 et seq. of the Intellectual Property Code.<\/span><\/p><p><span style=\"font-weight: 400;\">The Site may contain databases protected by the provisions of the Intellectual Property Code. Any extraction, reuse, or reproduction is strictly prohibited without the prior written consent of Arverne.<\/span><\/p><h2><span style=\"color: #11477c;\"><b>4. Liability<\/b><\/span><\/h2><p><span style=\"font-weight: 400;\">Arverne strives to ensure the accuracy, precision, and timeliness of the information published on the Website, the content of which it reserves the right to modify at any time without notice. This information is provided for informational and indicative purposes only. Arverne does not guarantee the completeness, accuracy, correctness, truthfulness, timeliness, or quality of the information on the Site, nor does it guarantee that the Site will not be subject to attacks or breaches, particularly by viruses, which may result in malfunctions, interruptions, or loss of data or information.\u00a0<\/span><\/p><p><span style=\"font-weight: 400;\">The information published on this website should not be construed as an offer to purchase or a solicitation to acquire shares or other listed or unlisted securities of Arverne, any of its direct or indirect subsidiaries, or any of its affiliates.<\/span><\/p><p><span style=\"font-weight: 400;\">Consequently, Arverne cannot be held liable for any inaccuracy, error, omission, or mistake in the information available on the Website.\u00a0<\/span><\/p><p><span style=\"font-weight: 400;\">Each User fully assumes the risks associated with the credit they give to this information and acknowledges that they use this information under their sole responsibility.<\/span><\/p><p><span style=\"font-weight: 400;\">Arverne declines all responsibility for any damage, direct and\/or indirect, material and immaterial, whatever the causes, origins, nature or consequences, caused by accessing and\/or using the Site, or by the inability to access it and\/or by the credit given to any information coming directly or indirectly from the Site or from its use.<\/span><\/p><h2><span style=\"color: #11477c;\"><b>5. Hyperlinks<\/b><\/span><\/h2><p><span style=\"font-weight: 400;\">The Site may contain hypertext links redirecting to sites published by third parties. Arverne has no control over other websites that are provided for informational purposes and declines all responsibility for their content or the use that may be made of these sites.<\/span><\/p><p><span style=\"font-weight: 400;\">Arverne is in no way responsible for hypertext links leading to this Site or to which the Site refers. The decision to activate the links belongs exclusively to the User, who is solely responsible for their use.\u00a0<\/span><\/p><p><span style=\"font-weight: 400;\">Arverne prohibits anyone from setting up a hyperlink to this Site without its prior written authorization.<\/span><\/p><h2><span style=\"color: #11477c;\"><b>6. Cautionary statement regarding forward-looking information<\/b><\/span><\/h2><p><span style=\"font-weight: 400;\">The Site may contain certain non-historical data that constitutes forward-looking statements, including forward-looking statements regarding future events, trends, plans, or objectives. These statements are based on management's current views and assumptions and are subject to significant risks and uncertainties that could cause actual results to differ materially from those expressed or implied in these statements (or past results).<\/span><\/p><p><span style=\"font-weight: 400;\">Additional information regarding these risks and uncertainties is included in the documents filed by Arverne with the Autorit\u00e9 des March\u00e9s Financiers. Forward-looking statements are presented at a specific date, and Arverne does not undertake to update or revise them, whether as a result of new information, future events, or for any other reason.<\/span><\/p><h2><b><span style=\"color: #11477c;\">7. Personal data and cookies<\/span>\u00a0<\/b><\/h2><p><span style=\"font-weight: 400;\">To enable the Website to function properly, Arverne may collect personal data concerning the User and, as such, processes data for which Arverne is responsible. <\/span><span style=\"font-weight: 400;\">Pour en savoir plus, cliquez sur la \u00ab\u00a0Politique de confidentialit\u00e9\u00a0\u00bb.<\/span><\/p><p><span style=\"font-weight: 400;\">When browsing the Website, cookies may be stored on the User's device, subject to the choices made by the User, which the User may change at any time. <\/span><span style=\"font-weight: 400;\">Pour en savoir plus, cliquez sur la \u00ab\u00a0Politique de cookies\u00a0\u00bb.<\/span><\/p><h2><span style=\"color: #11477c;\"><b>8. Applicable law - Disputes<\/b><\/span><\/h2><p><span style=\"font-weight: 400;\">These Terms of Use for the Website are governed by French law.<\/span><\/p><p><span style=\"font-weight: 400;\">Only the French version of the Terms of Use is binding between the parties and may be produced in court.<\/span><\/p><p><span style=\"font-weight: 400;\">Any dispute or litigation relating to the interpretation and\/or execution of the Terms of Use that cannot be settled amicably shall fall under the exclusive jurisdiction of the competent courts within the jurisdiction of the Paris Court of Appeal (France).<\/span><\/p><h2><span style=\"color: #11477c;\"><b>9. Miscellaneous provisions<\/b><\/span><\/h2><p><span style=\"font-weight: 400;\">Any assignment or other transfer of the rights conferred by these Terms of Use is strictly prohibited.\u00a0<\/span><\/p><p><span style=\"font-weight: 400;\">If, for any reason, any provision of the Terms of Use becomes illegal or is declared invalid, the illegality or invalidity of that provision shall not affect the legality or validity of the other provisions, which shall remain in full force and effect.<\/span><\/p><p><span style=\"font-weight: 400;\">The fact that one of the parties does not claim the application of any clause of these Terms of Use, whether temporarily or permanently, shall not be interpreted as a waiver by that party of the rights arising for it from said clause.<\/span><\/p>\t\t\t\t\t\t\t\t<\/div>\n\t\t\t\t\t<\/div>\n\t\t\t\t<\/div>\n\t\t<div class=\"elementor-element elementor-element-410defa e-flex e-con-boxed e-con e-parent\" data-id=\"410defa\" data-element_type=\"container\" data-settings=\"{&quot;background_background&quot;:&quot;classic&quot;}\">\n\t\t\t\t\t<div class=\"e-con-inner\">\n\t\t<div class=\"elementor-element elementor-element-163a6ee e-con-full e-flex e-con e-child\" data-id=\"163a6ee\" data-element_type=\"container\">\n\t\t\t\t<div class=\"elementor-element elementor-element-1964909 elementor-absolute elementor-widget elementor-widget-image\" data-id=\"1964909\" data-element_type=\"widget\" data-settings=\"{&quot;_position&quot;:&quot;absolute&quot;}\" data-widget_type=\"image.default\">\n\t\t\t\t\t\t\t\t\t\t\t\t\t\t\t<img fetchpriority=\"high\" decoding=\"async\" width=\"6982\" height=\"2375\" src=\"https:\/\/arverne.earth\/wp-content\/uploads\/2025\/08\/arverne_fluides.svg\" class=\"attachment-large size-large wp-image-333\" alt=\"\" \/>\t\t\t\t\t\t\t\t\t\t\t\t\t\t\t<\/div>\n\t\t\t\t<div class=\"elementor-element elementor-element-bbbb296 elementor-icon-list--layout-inline elementor-list-item-link-full_width elementor-widget elementor-widget-icon-list\" data-id=\"bbbb296\" data-element_type=\"widget\" data-widget_type=\"icon-list.default\">\n\t\t\t\t\t\t\t<ul class=\"elementor-icon-list-items elementor-inline-items\">\n\t\t\t\t\t\t\t<li class=\"elementor-icon-list-item elementor-inline-item\">\n\t\t\t\t\t\t\t\t\t\t\t<span class=\"elementor-icon-list-icon\">\n\t\t\t\t\t\t\t<svg xmlns=\"http:\/\/www.w3.org\/2000\/svg\" viewbox=\"0 0 1017.9 1017.9\"><path d=\"M1017.9 529.4v488.5H0V0h488.5c292.4 0 529.4 237 529.4 529.4Z\"><\/path><\/svg>\t\t\t\t\t\t<\/span>\n\t\t\t\t\t\t\t\t\t\t<span class=\"elementor-icon-list-text\">Sign up for our newsletter<\/span>\n\t\t\t\t\t\t\t\t\t<\/li>\n\t\t\t\t\t\t<\/ul>\n\t\t\t\t\t\t<\/div>\n\t\t\t\t<div class=\"elementor-element elementor-element-9fe64a7 elementor-widget elementor-widget-text-editor\" data-id=\"9fe64a7\" data-element_type=\"widget\" data-widget_type=\"text-editor.default\">\n\t\t\t\t\t\t\t\t\t<p>Receive our press release<\/p>\t\t\t\t\t\t\t\t<\/div>\n\t\t\t\t<\/div>\n\t\t<div class=\"elementor-element elementor-element-6da04c9 e-con-full e-flex e-con e-child\" data-id=\"6da04c9\" data-element_type=\"container\">\n\t\t\t\t<\/div>\n\t\t<div class=\"elementor-element elementor-element-4bcddd7 e-con-full e-flex e-con e-child\" data-id=\"4bcddd7\" data-element_type=\"container\" data-settings=\"{&quot;background_background&quot;:&quot;classic&quot;}\">\n\t\t\t\t<div class=\"elementor-element elementor-element-9d33177 elementor-button-align-stretch elementor-widget elementor-widget-form\" data-id=\"9d33177\" data-element_type=\"widget\" data-settings=\"{&quot;button_width&quot;:&quot;25&quot;,&quot;step_next_label&quot;:&quot;Suivant&quot;,&quot;step_previous_label&quot;:&quot;Pr\\u00e9c\\u00e9dent&quot;,&quot;step_type&quot;:&quot;number_text&quot;,&quot;step_icon_shape&quot;:&quot;circle&quot;}\" data-widget_type=\"form.default\">\n\t\t\t\t\t\t\t<form class=\"elementor-form\" method=\"post\" name=\"Nouveau formulaire\" aria-label=\"Nouveau formulaire\" action=\"\">\n\t\t\t<input type=\"hidden\" name=\"post_id\" value=\"4049\"\/>\n\t\t\t<input type=\"hidden\" name=\"form_id\" value=\"9d33177\"\/>\n\t\t\t<input type=\"hidden\" name=\"referer_title\" value=\"\" \/>\n\n\t\t\t\n\t\t\t<div class=\"elementor-form-fields-wrapper elementor-labels-\">\n\t\t\t\t\t\t\t\t<div class=\"elementor-field-type-email elementor-field-group elementor-column elementor-field-group-email elementor-col-75 elementor-field-required\">\n\t\t\t\t\t\t\t\t\t\t\t\t<label for=\"form-field-email\" class=\"elementor-field-label elementor-screen-only\">\n\t\t\t\t\t\t\t\tE-mail\t\t\t\t\t\t\t<\/label>\n\t\t\t\t\t\t\t\t\t\t\t\t\t\t<input size=\"1\" type=\"email\" name=\"form_fields[email]\" id=\"form-field-email\" class=\"elementor-field elementor-size-sm  elementor-field-textual\" placeholder=\"Enter your email address\" required=\"required\">\n\t\t\t\t\t\t\t\t\t\t\t<\/div>\n\t\t\t\t\t\t\t\t<div class=\"elementor-field-group elementor-column elementor-field-type-submit elementor-col-25 e-form__buttons\">\n\t\t\t\t\t<button class=\"elementor-button elementor-size-sm\" type=\"submit\">\n\t\t\t\t\t\t<span class=\"elementor-button-content-wrapper\">\n\t\t\t\t\t\t\t\t\t\t\t\t\t\t\t\t\t\t\t\t\t\t<span class=\"elementor-button-text\">Register<\/span>\n\t\t\t\t\t\t\t\t\t\t\t\t\t<\/span>\n\t\t\t\t\t<\/button>\n\t\t\t\t<\/div>\n\t\t\t<\/div>\n\t\t<input type=\"hidden\" name=\"trp-form-language\" value=\"en\"\/><\/form>\n\t\t\t\t\t\t<\/div>\n\t\t\t\t<\/div>\n\t\t<div class=\"elementor-element elementor-element-31db23c e-con-full e-flex e-con e-child\" data-id=\"31db23c\" data-element_type=\"container\">\n\t\t\t\t<\/div>\n\t\t\t\t\t<\/div>\n\t\t\t\t<\/div>\n\t\t\t\t<\/div>","protected":false},"excerpt":{"rendered":"<p>Mentions l\u00e9gales et Conditions G\u00e9n\u00e9rales d\u2019utilisation (CGU) Accueil Mentions l\u00e9gales Bienvenue sur le Site web \u00ab\u00a0https:\/\/arverne.earth \u00bb (ci-apr\u00e8s le \u00abSite\u00bb).\u00a0 En consultant et en utilisant le Site, vous reconnaissez avoir pris connaissance et accept\u00e9, sans limitation ni r\u00e9serve, les pr\u00e9sentes conditions g\u00e9n\u00e9rales d\u2019utilisation (ci-apr\u00e8s \u00ab CGU\u00a0\u00bb).\u00a0 Les CGU ont pour objet de d\u00e9finir les conditions [&hellip;]<\/p>","protected":false},"author":5,"featured_media":0,"parent":0,"menu_order":0,"comment_status":"closed","ping_status":"closed","template":"elementor_header_footer","meta":{"footnotes":""},"class_list":["post-4049","page","type-page","status-publish","hentry"],"_links":{"self":[{"href":"https:\/\/arverne.earth\/en\/wp-json\/wp\/v2\/pages\/4049","targetHints":{"allow":["GET"]}}],"collection":[{"href":"https:\/\/arverne.earth\/en\/wp-json\/wp\/v2\/pages"}],"about":[{"href":"https:\/\/arverne.earth\/en\/wp-json\/wp\/v2\/types\/page"}],"author":[{"embeddable":true,"href":"https:\/\/arverne.earth\/en\/wp-json\/wp\/v2\/users\/5"}],"replies":[{"embeddable":true,"href":"https:\/\/arverne.earth\/en\/wp-json\/wp\/v2\/comments?post=4049"}],"version-history":[{"count":28,"href":"https:\/\/arverne.earth\/en\/wp-json\/wp\/v2\/pages\/4049\/revisions"}],"predecessor-version":[{"id":4342,"href":"https:\/\/arverne.earth\/en\/wp-json\/wp\/v2\/pages\/4049\/revisions\/4342"}],"wp:attachment":[{"href":"https:\/\/arverne.earth\/en\/wp-json\/wp\/v2\/media?parent=4049"}],"curies":[{"name":"wp","href":"https:\/\/api.w.org\/{rel}","templated":true}]}}